{"id":87,"date":"2021-07-16T20:52:24","date_gmt":"2021-07-16T20:52:24","guid":{"rendered":"https:\/\/englisch-schule-golf.de\/?page_id=87"},"modified":"2026-02-01T18:31:43","modified_gmt":"2026-02-01T16:31:43","slug":"i-englisch-in-unserem-alltag-handreichungen-auch-fuer-eltern-und-grosseltern","status":"publish","type":"page","link":"https:\/\/englisch-schule-golf.de\/","title":{"rendered":"1. Englisch in unserem Alltag."},"content":{"rendered":"\n<h2 class=\"wp-block-heading\"><strong><span class=\"has-inline-color has-vivid-red-color\"><em>Handreichungen auch f\u00fcr Eltern und Gro\u00dfeltern<\/em><\/span><\/strong><\/h2>\n\n\n\n<p>Thematischer \u00dcberblick \u00fcber die Sachb\u00fccher des Autors Rainald Bierstedt,<br>erschienen im Verlag Books on Demand (BoD), Norderstedt bei Hamburg,<br>erh\u00e4ltlich in online Buchshops oder in jeder Buchhandlung per ISBN bestellen.<\/p>\n\n\n\n<h2 class=\"wp-block-heading\"><strong>Buchreihe:<\/strong> <strong>Learning English by reading classic short stories<\/strong><\/h2>\n\n\n\n<p>Der Autor geht von seinen Erfahrungen als Englischlehrer und Kursleiter davon aus, dass Short Stories gut geeignet sind, um die englische Sprache zu erlernen bzw. zu vervollkommnen. Das bezieht sich insbesondere auf Wortschatz, Grammatik, Sprachgef\u00fchl, Leseverstehen. Zudem kann man beim Lesen tiefer in die Kultur des Landes eindringen. Und: Lesen macht auch Spa\u00df!<br>Einige Texte sind im Sinne des Lernens leicht gek\u00fcrzt. Der Inhalt wird jedoch dadurch nicht beeintr\u00e4chtigt. Vokabeltipps sind als kleine Hilfen eingearbeitet. Background-Informationen sowie \u00dcbungsaufgaben, inklusive L\u00f6sungsvorschl\u00e4ge, sind ebenfalls dabei.<\/p>\n\n\n\n<div class=\"wp-block-media-text alignwide is-stacked-on-mobile is-vertically-aligned-top\" style=\"grid-template-columns:38% auto\"><figure class=\"wp-block-media-text__media\"><img loading=\"lazy\" decoding=\"async\" width=\"480\" height=\"680\" src=\"https:\/\/englisch-schule-golf.de\/wp-content\/uploads\/2025\/06\/Englischlesen_Band1.jpg\" alt=\"\" class=\"wp-image-364 size-full\" srcset=\"https:\/\/englisch-schule-golf.de\/wp-content\/uploads\/2025\/06\/Englischlesen_Band1.jpg 480w, https:\/\/englisch-schule-golf.de\/wp-content\/uploads\/2025\/06\/Englischlesen_Band1-212x300.jpg 212w\" sizes=\"auto, (max-width: 480px) 100vw, 480px\" \/><\/figure><div class=\"wp-block-media-text__content\">\n<p class=\"has-text-align-left has-small-font-size\"><strong>Band 1:<\/strong><\/p>\n\n\n\n<p class=\"has-small-font-size\"><strong>Inhalt:<\/strong> 5 klassische Kurzgeschichten <strong>britischer <\/strong>Autoren:<\/p>\n\n\n\n<ol class=\"wp-block-list\">\n<li class=\"has-small-font-size\">Eine Sherlock Holmes Story: \u201cThe Adventure of Charles A. Milverton\u201d by Sir Arthur Conan Doyle<\/li>\n\n\n\n<li class=\"has-small-font-size\">\u201cThe Nightingale and the Rose\u201d by Oscar Wilde (Nachtigall)\u201c<\/li>\n\n\n\n<li class=\"has-small-font-size\">&#8222;A Haunted House by Virginia Woolf\u201d&nbsp;(Spukhaus)<\/li>\n\n\n\n<li class=\"has-small-font-size\">\u201cA Child&#8217;s Christmas in Wales\u201d by Dylan Thomas<\/li>\n\n\n\n<li class=\"has-small-font-size\">\u201cThe Orange of the Orphan Boy\u201d by Charles Dickens&nbsp;(Waisenjunge)<br><br>Umfang: 96 Seiten, Preis: 7,99 \u20ac<br>ISBN: 978-3-7693-7661-6<\/li>\n<\/ol>\n<\/div><\/div>\n\n\n\n<div class=\"wp-block-media-text alignwide is-stacked-on-mobile is-vertically-aligned-top\" style=\"grid-template-columns:38% auto\"><figure class=\"wp-block-media-text__media\"><img loading=\"lazy\" decoding=\"async\" width=\"480\" height=\"680\" src=\"https:\/\/englisch-schule-golf.de\/wp-content\/uploads\/2026\/01\/Englischlesen_Band2.jpg\" alt=\"\" class=\"wp-image-373 size-full\" srcset=\"https:\/\/englisch-schule-golf.de\/wp-content\/uploads\/2026\/01\/Englischlesen_Band2.jpg 480w, https:\/\/englisch-schule-golf.de\/wp-content\/uploads\/2026\/01\/Englischlesen_Band2-212x300.jpg 212w\" sizes=\"auto, (max-width: 480px) 100vw, 480px\" \/><\/figure><div class=\"wp-block-media-text__content\">\n<p class=\"has-text-align-left has-small-font-size\"><strong>Band 2:<\/strong><\/p>\n\n\n\n<p class=\"has-small-font-size\"><strong>Inhalt:<\/strong> 5 klassische Kurzgeschichten <strong>britischer <\/strong>Autoren:<\/p>\n\n\n\n<ol class=\"wp-block-list\">\n<li class=\"has-small-font-size\">\u201cThe Tell-Tale Heart\u201d (\u201eDas verr\u00e4terische Herz\u201d) by Edgar Allan Poe<\/li>\n\n\n\n<li class=\"has-small-font-size\">&#8222;Advice to Little Girls\u201d (\u201eRatschl\u00e4ge f\u00fcr kleine M\u00e4dchen&#8220;) by Mark Twain<\/li>\n\n\n\n<li class=\"has-small-font-size\">\u201cThe Story of an Hour\u201d (\u201eDie Geschichte einer Stunde\u201d) by Kate Chopin<\/li>\n\n\n\n<li class=\"has-small-font-size\">\u201cHearts And Hands\u201d (\u201eHerzen und H\u00e4nde\u201c) by O. Henry<\/li>\n\n\n\n<li class=\"has-small-font-size\">\u201cTo build a fire\u201d (\u201eEin Feuer machen\u201c) by Jack London<\/li>\n<\/ol>\n\n\n\n<p class=\"has-small-font-size\">Umfang: 96 Seiten,  Preis: 7,99 \u20ac<br>ISBN: 978-3-7693-7661-6<br><\/p>\n<\/div><\/div>\n\n\n\n<h2 class=\"wp-block-heading\"><strong>Buchreihe: Visuell englisch lernen nach Themenbereichen<\/strong><\/h2>\n\n\n\n<p class=\"has-text-align-center has-small-font-size\" style=\"line-height:1.5\"><\/p>\n\n\n\n<div class=\"wp-block-media-text alignwide is-stacked-on-mobile is-vertically-aligned-top\" style=\"grid-template-columns:38% auto\"><figure class=\"wp-block-media-text__media\"><img loading=\"lazy\" decoding=\"async\" width=\"480\" height=\"680\" src=\"https:\/\/englisch-schule-golf.de\/wp-content\/uploads\/2023\/06\/VISUELL-ENGLISCH-LERNEN_Teil1_Family.jpg\" alt=\"\" class=\"wp-image-294 size-full\" srcset=\"https:\/\/englisch-schule-golf.de\/wp-content\/uploads\/2023\/06\/VISUELL-ENGLISCH-LERNEN_Teil1_Family.jpg 480w, https:\/\/englisch-schule-golf.de\/wp-content\/uploads\/2023\/06\/VISUELL-ENGLISCH-LERNEN_Teil1_Family-212x300.jpg 212w\" sizes=\"auto, (max-width: 480px) 100vw, 480px\" \/><\/figure><div class=\"wp-block-media-text__content\">\n<p class=\"has-small-font-size\"><strong>Teil 1: Family. Home. Start the day.<br>Eine Handreichung f\u00fcr das Lernen mit Hilfe von Bildern<\/strong><br><br><strong>Inhalt:<\/strong><br>Tipps f\u00fcr das visuelle Englisch lernen in 7 Schritten.<br>Handreichungen f\u00fcr das bildliche Lernen nach diesen<br>Themenbereichen:<br>\u2022\u00a0Familie = Family<br>\u2022\u00a0Zu Hause = Home\u00a0<br>\u2022\u00a0Tagesbeginn = Start the day<br><br>Umfang: 92 Seiten, farbig, illustriert, Preis: 15,00 \u20ac<br>ISBN: 978-3-7578-1844-9<br><\/p>\n<\/div><\/div>\n\n\n\n<p class=\"has-text-align-center has-small-font-size\" style=\"line-height:1.5\"><strong><br><\/strong><\/p>\n\n\n\n<div class=\"wp-block-media-text alignwide is-stacked-on-mobile is-vertically-aligned-top\" style=\"grid-template-columns:38% auto\"><figure class=\"wp-block-media-text__media\"><img loading=\"lazy\" decoding=\"async\" width=\"480\" height=\"680\" src=\"https:\/\/englisch-schule-golf.de\/wp-content\/uploads\/2024\/02\/VISUELL-ENGLISCH-LERNEN_Teil2_Foodv2.jpg\" alt=\"\" class=\"wp-image-343 size-full\" srcset=\"https:\/\/englisch-schule-golf.de\/wp-content\/uploads\/2024\/02\/VISUELL-ENGLISCH-LERNEN_Teil2_Foodv2.jpg 480w, https:\/\/englisch-schule-golf.de\/wp-content\/uploads\/2024\/02\/VISUELL-ENGLISCH-LERNEN_Teil2_Foodv2-212x300.jpg 212w\" sizes=\"auto, (max-width: 480px) 100vw, 480px\" \/><\/figure><div class=\"wp-block-media-text__content\">\n<p class=\"has-small-font-size\"><strong>Teil 2: Meals and Drinks<br>Eine Handreichung f\u00fcr das Lernen mit Hilfe von Bildern<\/strong><br><br><strong>Inhalt:<\/strong><br>Tipps f\u00fcr das visuelle Englisch lernen in 7 Schritten.<br>Handreichungen f\u00fcr das bildliche Lernen nach diesen<br>Themenbereichen:<br>\u2022\u00a0Mahlzeiten zubereiten<br>\u2022 Mahlzeiten des Tages:\u00a0\u00a0<br>\u00a0\u00a0\u00a0\u00a0\u00a0\u00a0\u2022\u00a0Breakfast<br>\u00a0\u00a0\u00a0\u00a0\u00a0\u00a0\u2022\u00a0Midday meal: lunch\u00a0\u00a0<br>\u00a0\u00a0\u00a0\u00a0\u00a0\u00a0\u2022\u00a0Mid-morning snacks<br>\u00a0\u00a0\u00a0\u00a0\u00a0\u00a0\u2022\u00a0Afternoon tea<br>\u00a0\u00a0\u00a0\u00a0\u00a0\u00a0\u2022\u00a0Evening meal\u00a0<br><br>Umfang: 112 Seiten, farbig, illustriert, Preis: 24,50 \u20ac<br>ISBN: 978-3-7583-6717-5<br><\/p>\n<\/div><\/div>\n\n\n\n<p class=\"has-small-font-size\" style=\"line-height:1.5\"><\/p>\n\n\n\n<p class=\"has-text-align-center has-small-font-size\" style=\"line-height:1.5\"><br><\/p>\n\n\n\n<div class=\"wp-block-media-text alignwide is-stacked-on-mobile is-vertically-aligned-top\" style=\"grid-template-columns:38% auto\"><figure class=\"wp-block-media-text__media\"><img loading=\"lazy\" decoding=\"async\" width=\"480\" height=\"680\" src=\"https:\/\/englisch-schule-golf.de\/wp-content\/uploads\/2024\/10\/VISUELL-ENGLISCH-LERNEN_Teil3.jpg\" alt=\"\" class=\"wp-image-346 size-full\" srcset=\"https:\/\/englisch-schule-golf.de\/wp-content\/uploads\/2024\/10\/VISUELL-ENGLISCH-LERNEN_Teil3.jpg 480w, https:\/\/englisch-schule-golf.de\/wp-content\/uploads\/2024\/10\/VISUELL-ENGLISCH-LERNEN_Teil3-212x300.jpg 212w\" sizes=\"auto, (max-width: 480px) 100vw, 480px\" \/><\/figure><div class=\"wp-block-media-text__content\">\n<p class=\"has-small-font-size\"><strong>Teil 3: Christmas, Easter, Ascension and Pentecost<br>Eine Handreichung f\u00fcr das Lernen mit Hilfe von Bildern<\/strong><br><br><strong>Inhalt:<\/strong><br>Tipps f\u00fcr das visuelle Englisch lernen in 7 Schritten.<br>Handreichungen f\u00fcr das bildliche Lernen nach diesen<br>Themenbereichen:<br>\u2022\u00a0Weihnachten<br>\u2022 Ostern<br>\u2022 Himmelfahrt<br>\u2022 Pfingsten<\/p>\n\n\n\n<p class=\"has-small-font-size\">Umfang: 92 Seiten, farbig, illustriert, Preis: 22 \u20ac<br>ISBN: 978-3-7597-3665-9<br><\/p>\n<\/div><\/div>\n\n\n\n<p class=\"has-text-align-center has-small-font-size\" style=\"line-height:1.5\"><br><br><\/p>\n\n\n\n<div class=\"wp-block-media-text alignwide is-stacked-on-mobile is-vertically-aligned-top\" style=\"grid-template-columns:38% auto\"><figure class=\"wp-block-media-text__media\"><img loading=\"lazy\" decoding=\"async\" width=\"480\" height=\"680\" src=\"https:\/\/englisch-schule-golf.de\/wp-content\/uploads\/2025\/01\/VISUELL-ENGLISCH-LERNEN_Teil4.jpg\" alt=\"\" class=\"wp-image-358 size-full\" srcset=\"https:\/\/englisch-schule-golf.de\/wp-content\/uploads\/2025\/01\/VISUELL-ENGLISCH-LERNEN_Teil4.jpg 480w, https:\/\/englisch-schule-golf.de\/wp-content\/uploads\/2025\/01\/VISUELL-ENGLISCH-LERNEN_Teil4-212x300.jpg 212w\" sizes=\"auto, (max-width: 480px) 100vw, 480px\" \/><\/figure><div class=\"wp-block-media-text__content\">\n<p class=\"has-small-font-size\"><strong>Teil 4: Irregular verbs.<br>Eine Handreichung f\u00fcr das Lernen mit Hilfe von Bildern<\/strong><br><br><strong>Inhalt:<\/strong><br>Tipps f\u00fcr das visuelle Englisch lernen in 7 Schritten.<br>Handreichungen f\u00fcr das bildliche Lernen nach diesen<br>Themenbereich:<br>\u2022\u00a0Unregelm\u00e4\u00dfige Verben<\/p>\n\n\n\n<p><\/p>\n\n\n\n<p class=\"has-small-font-size\">Umfang: 124 Seiten, farbig, illustriert, Preis: 20,99 \u20ac<br>ISBN: 978-3-7597-2062-7<br><\/p>\n<\/div><\/div>\n\n\n\n<p class=\"has-small-font-size\" style=\"line-height:1.5\"><\/p>\n\n\n\n<h2 class=\"wp-block-heading\"><strong>Buchreihe:<\/strong> <strong>Englisch im deutschen Sprachgebrauch<\/strong><\/h2>\n\n\n\n<p class=\"has-small-font-size\" style=\"line-height:1.5\"><\/p>\n\n\n\n<div class=\"wp-block-media-text alignwide is-stacked-on-mobile is-vertically-aligned-top\" style=\"grid-template-columns:38% auto\"><figure class=\"wp-block-media-text__media\"><img loading=\"lazy\" decoding=\"async\" width=\"480\" height=\"680\" src=\"https:\/\/englisch-schule-golf.de\/wp-content\/uploads\/2021\/09\/Pseudo-Anglizismen_Cover.jpg\" alt=\"\" class=\"wp-image-130 size-full\" srcset=\"https:\/\/englisch-schule-golf.de\/wp-content\/uploads\/2021\/09\/Pseudo-Anglizismen_Cover.jpg 480w, https:\/\/englisch-schule-golf.de\/wp-content\/uploads\/2021\/09\/Pseudo-Anglizismen_Cover-212x300.jpg 212w\" sizes=\"auto, (max-width: 480px) 100vw, 480px\" \/><\/figure><div class=\"wp-block-media-text__content\">\n<p class=\"has-small-font-size\"><strong>\u201ePSEUDO-ANGLIZISMEN IN UNSEREM ALLTAG\u201c<\/strong><br><em>Eine Handreichung vor allem f\u00fcr Senioren, um Missverst\u00e4ndnisse zu vermeiden<\/em><br><br><strong>Inhalt:<\/strong><br>In unserem Alltag nutzen wir viele W\u00f6rter, die zwar englisch klingen oder so aussehen, in der englischen Sprache jedoch nicht oder mit anderer Bedeutung verwendet werden. Pseudo-Anglizismen bereiten vor allem Senioren gro\u00dfe Probleme.<br><br>Umfang: 92 Seiten, farbig, illustriert<br>Preis: 14,00 \u20ac<br>ISBN: 978-3-7526-6117-0<\/p>\n<\/div><\/div>\n\n\n\n<p class=\"has-small-font-size\"><\/p>\n\n\n\n<div class=\"wp-block-media-text alignwide is-stacked-on-mobile is-vertically-aligned-top\" style=\"grid-template-columns:38% auto\"><figure class=\"wp-block-media-text__media\"><img loading=\"lazy\" decoding=\"async\" width=\"480\" height=\"680\" src=\"https:\/\/englisch-schule-golf.de\/wp-content\/uploads\/2021\/09\/Jugendsprache_Cover.jpg\" alt=\"\" class=\"wp-image-128 size-full\" srcset=\"https:\/\/englisch-schule-golf.de\/wp-content\/uploads\/2021\/09\/Jugendsprache_Cover.jpg 480w, https:\/\/englisch-schule-golf.de\/wp-content\/uploads\/2021\/09\/Jugendsprache_Cover-212x300.jpg 212w\" sizes=\"auto, (max-width: 480px) 100vw, 480px\" \/><\/figure><div class=\"wp-block-media-text__content\">\n<p class=\"has-small-font-size\"><strong>\u201eANGLIZISMEN IN DER JUGENDSPRACHE\u201c<\/strong><br><em>F\u00fcr Gro\u00df-\/Eltern, um Teenager besser zu verstehen<\/em><br><br><strong>Inhalt:<\/strong><br>Viele englische Begriffe sind charakteristisch f\u00fcr die Jugendsprache. Aber auch ein Mix aus Deutsch und Englisch (Denglisch) ist bei den Jugendlichen beliebt. Mit Beispielen werden Englisches und Denglisches in der Jugendsprache der letzten Jahre beleuchtet.<br><br>Umfang: 112 Seiten, farbig, illustriert<br>Preis: 17,00 \u20ac<br>ISBN: 978-3-7519-5326-9<\/p>\n<\/div><\/div>\n\n\n\n<p class=\"has-small-font-size\"><\/p>\n\n\n\n<div class=\"wp-block-media-text alignwide is-stacked-on-mobile is-vertically-aligned-top\" style=\"grid-template-columns:38% auto\"><figure class=\"wp-block-media-text__media\"><img loading=\"lazy\" decoding=\"async\" width=\"480\" height=\"680\" src=\"https:\/\/englisch-schule-golf.de\/wp-content\/uploads\/2021\/09\/Shoppen_Cover.jpg\" alt=\"\" class=\"wp-image-132 size-full\" srcset=\"https:\/\/englisch-schule-golf.de\/wp-content\/uploads\/2021\/09\/Shoppen_Cover.jpg 480w, https:\/\/englisch-schule-golf.de\/wp-content\/uploads\/2021\/09\/Shoppen_Cover-212x300.jpg 212w\" sizes=\"auto, (max-width: 480px) 100vw, 480px\" \/><\/figure><div class=\"wp-block-media-text__content\">\n<p class=\"has-small-font-size\"><strong>\u201eWIR GEHEN SHOPPEN\u201c<\/strong><br><em>Eine \u201eEnglisch-Gehhilfe\u201c in Bezug auf Shopping-Begriffe<\/em><br><br><strong>Inhalt:<\/strong><br>Im Mittelpunkt steht die kritische Auseinandersetzung mit dem Shopping-Sprach-Wirrwarr, (Britisches Englisch, Amerikanisches Englisch, Schein-Englisch und Denglisch). Zum Teil auch illustriert und humorvoll. Zugleich werden auch Wortherkunft und Mehrfachbedeutungen der englischen W\u00f6rter erl\u00e4utert.<br><br>Umfang: 144 Seiten, illustriert<br>Preis: 7,50 \u20ac<br>ISBN: 978-3-7528-3361-4<\/p>\n<\/div><\/div>\n\n\n\n<p class=\"has-small-font-size\"><\/p>\n\n\n\n<div class=\"wp-block-media-text alignwide is-stacked-on-mobile is-vertically-aligned-top\" style=\"grid-template-columns:38% auto\"><figure class=\"wp-block-media-text__media\"><img loading=\"lazy\" decoding=\"async\" width=\"480\" height=\"680\" src=\"https:\/\/englisch-schule-golf.de\/wp-content\/uploads\/2021\/09\/GOLF-ENGLISCH_Cover.jpg\" alt=\"\" class=\"wp-image-126 size-full\" srcset=\"https:\/\/englisch-schule-golf.de\/wp-content\/uploads\/2021\/09\/GOLF-ENGLISCH_Cover.jpg 480w, https:\/\/englisch-schule-golf.de\/wp-content\/uploads\/2021\/09\/GOLF-ENGLISCH_Cover-212x300.jpg 212w\" sizes=\"auto, (max-width: 480px) 100vw, 480px\" \/><\/figure><div class=\"wp-block-media-text__content\">\n<p class=\"has-small-font-size\"><strong>\u201eGOLF &amp; ENGLISCH\u201c<\/strong><br><em>Words, Phrases, Comments, Reading Texts, Illustrations<\/em><br><br><strong>Inhalt:<\/strong><br>Die wichtigsten Englisch-Vokabeln und Redewendungen, die man beim Golfen unbedingt ben\u00f6tigt, wurden zusammengetragen, systematisiert und fachgerecht erl\u00e4utert. Zahlreiche Grafiken illustrieren einzelne golfsportliche Handlungen. Englisch Lesetexte vervollkommnen das sprachliche Angebot.<br><br>Umfang: 112 Seiten, illustriert<br>Preis: 6,99 \u20ac<br>ISBN: 978-3-7460-0650-5<\/p>\n<\/div><\/div>\n\n\n\n<p class=\"has-small-font-size\"><\/p>\n\n\n\n<div class=\"wp-block-media-text alignwide is-stacked-on-mobile is-vertically-aligned-top\" style=\"grid-template-columns:38% auto\"><figure class=\"wp-block-media-text__media\"><img loading=\"lazy\" decoding=\"async\" width=\"480\" height=\"680\" src=\"https:\/\/englisch-schule-golf.de\/wp-content\/uploads\/2022\/01\/FalseFriends_Cover.jpg\" alt=\"\" class=\"wp-image-288 size-full\" srcset=\"https:\/\/englisch-schule-golf.de\/wp-content\/uploads\/2022\/01\/FalseFriends_Cover.jpg 480w, https:\/\/englisch-schule-golf.de\/wp-content\/uploads\/2022\/01\/FalseFriends_Cover-212x300.jpg 212w\" sizes=\"auto, (max-width: 480px) 100vw, 480px\" \/><\/figure><div class=\"wp-block-media-text__content\">\n<p class=\"has-small-font-size\"><strong>\u201e\u00dcBER ENGLISCH &#8211; DEUTSCHE WORTPAARE,\u00a0DIE UNS IRRITIEREN\u201d<\/strong><br>Handreichung f\u00fcr den Umgang mit den \u201cFalse Friends\u201c<br><br><strong>Inhalt: <\/strong><br>In unserem Alltag gibt es viele englische und deutsche W\u00f6rter, die gleich oder \u00e4hnlich aussehen, aber verschiedene Bedeutungen haben und somit Missverst\u00e4ndnisse hervorrufen k\u00f6nnen. Diese so genannten \u201eFalse Friends\u201c werden sehr anschaulich erl\u00e4utert.<\/p>\n\n\n\n<p class=\"has-small-font-size\">Umfang: 172 Seiten, farbig, illustriert<br>Preis: 23,99 \u20ac<br>ISBN: 978-3-7557-8349-7 <br><\/p>\n<\/div><\/div>\n\n\n\n<p class=\"has-small-font-size\"><\/p>\n","protected":false},"excerpt":{"rendered":"<p>Handreichungen auch f\u00fcr Eltern und Gro\u00dfeltern Thematischer \u00dcberblick \u00fcber die Sachb\u00fccher des Autors Rainald Bierstedt,erschienen im Verlag Books on Demand (BoD), Norderstedt bei Hamburg,erh\u00e4ltlich in online Buchshops oder in jeder Buchhandlung per ISBN bestellen. Buchreihe: Learning English by reading classic short stories Der Autor geht von seinen Erfahrungen als Englischlehrer und Kursleiter davon aus, dass &hellip; <\/p>\n<p class=\"link-more\"><a href=\"https:\/\/englisch-schule-golf.de\/\" class=\"more-link\"><span class=\"screen-reader-text\">\u201e1. Englisch in unserem Alltag.\u201c <\/span>weiterlesen<\/a><\/p>\n","protected":false},"author":1,"featured_media":323,"parent":0,"menu_order":0,"comment_status":"closed","ping_status":"closed","template":"","meta":{"footnotes":""},"class_list":["post-87","page","type-page","status-publish","has-post-thumbnail","hentry"],"_links":{"self":[{"href":"https:\/\/englisch-schule-golf.de\/index.php?rest_route=\/wp\/v2\/pages\/87","targetHints":{"allow":["GET"]}}],"collection":[{"href":"https:\/\/englisch-schule-golf.de\/index.php?rest_route=\/wp\/v2\/pages"}],"about":[{"href":"https:\/\/englisch-schule-golf.de\/index.php?rest_route=\/wp\/v2\/types\/page"}],"author":[{"embeddable":true,"href":"https:\/\/englisch-schule-golf.de\/index.php?rest_route=\/wp\/v2\/users\/1"}],"replies":[{"embeddable":true,"href":"https:\/\/englisch-schule-golf.de\/index.php?rest_route=%2Fwp%2Fv2%2Fcomments&post=87"}],"version-history":[{"count":69,"href":"https:\/\/englisch-schule-golf.de\/index.php?rest_route=\/wp\/v2\/pages\/87\/revisions"}],"predecessor-version":[{"id":402,"href":"https:\/\/englisch-schule-golf.de\/index.php?rest_route=\/wp\/v2\/pages\/87\/revisions\/402"}],"wp:featuredmedia":[{"embeddable":true,"href":"https:\/\/englisch-schule-golf.de\/index.php?rest_route=\/wp\/v2\/media\/323"}],"wp:attachment":[{"href":"https:\/\/englisch-schule-golf.de\/index.php?rest_route=%2Fwp%2Fv2%2Fmedia&parent=87"}],"curies":[{"name":"wp","href":"https:\/\/api.w.org\/{rel}","templated":true}]}}