{"id":179,"date":"2021-09-15T19:06:11","date_gmt":"2021-09-15T19:06:11","guid":{"rendered":"https:\/\/englisch-schule-golf.de\/?page_id=179"},"modified":"2026-01-11T19:21:30","modified_gmt":"2026-01-11T17:21:30","slug":"alle-publikationen","status":"publish","type":"page","link":"https:\/\/englisch-schule-golf.de\/?page_id=179","title":{"rendered":"alle Publikationen"},"content":{"rendered":"\n<p><strong>I. AKTUELLE PUBLIKATIONEN<\/strong><\/p>\n\n\n\n<p class=\"has-text-align-center\"><mark style=\"background-color:rgba(0, 0, 0, 0)\" class=\"has-inline-color has-vivid-red-color\">Themenfeld: Lehr- und Lernstoff Englisch<\/mark><\/p>\n\n\n\n<ol class=\"wp-block-list\">\n<li>\u201ePSEUDO-ANGLIZISMEN IN UNSEREM ALLTAG\u201c. Eine Handreichung vor allem f\u00fcr Senioren, um Missverst\u00e4ndnisse zu vermeiden. 2021.<br>ISBN 978-3-7526-6117-0<\/li>\n\n\n\n<li>\u201eANGLIZISMEN IN DER JUGENDSPRACHE\u201c. Handreichung f\u00fcr Gro\u00df-\/Eltern, um Teenager besser verstehen zu k\u00f6nnen. 2020.<br>ISBN 978-3-7519-5326-9<\/li>\n\n\n\n<li>\u201eWIR GEHEN SHOPPEN\u201c Eine \u201eEnglisch-Gehhilfe\u201c in Bezug auf Shopping-Begriffe. 2020. ISBN 978-3-7528-3361-4<\/li>\n\n\n\n<li>\u201eGOLF &amp; ENGLISCH\u201d. Words, Phrases, Comments, Reading Texts, Illustrations. 2018. <br>ISBN 978-3-7460-0650-5<\/li>\n\n\n\n<li>\u201e\u00dcBER ENGLISCH &#8211; DEUTSCHE WORTPAARE, DIE UNS IRRITIEREN\u201d.<br>Handreichung f\u00fcr den Umgang mit den \u201cFalse Friends\u201c. 2022.<br>ISBN: 978-3-7557-8349-7<\/li>\n\n\n\n<li>\u201eVISUELL ENGLISCH LERNEN NACH THEMENBEREICHEN\u201c Teil 1: Family. Home. Start the day. Eine Handreichung f\u00fcr das Lernen mit Hilfe von Bildern. 2023.<br>ISBN: 978-3-7578-1844-9<\/li>\n\n\n\n<li>\u201eVISUELL ENGLISCH LERNEN NACH THEMENBEREICHEN\u201c Teil 2: Meals and Drinks.<br>Eine Handreichung f\u00fcr das Lernen mit Hilfe von Bildern. 2024.<br>ISBN: 978-3-7583-6717-5<\/li>\n\n\n\n<li>\u201eVISUELL ENGLISCH LERNEN NACH THEMENBEREICHEN\u201c Teil 3: Christmas, Easter, Ascension and Pentecost. Eine Handreichung f\u00fcr das Lernen mit Hilfe von Bildern. 2024. ISBN: 978-3-7597-3665-9<\/li>\n\n\n\n<li>\u201eVISUELL ENGLISCH LERNEN NACH THEMENBEREICHEN\u201c&nbsp;Teil 4: Irregular Verbs.<br>Eine Handreichung f\u00fcr das Lernen mit Hilfe von Bildern. 01\/2025.&nbsp;<br>ISBN:&nbsp;978-3-7597-2062-7<\/li>\n\n\n\n<li>\u201eLearn English: read and enjoy classic short stories by British writers\u201c&nbsp;Band 1: Englisch lesen. 06\/2025.<br>ISBN:&nbsp;978-3-7693-7661-6<\/li>\n\n\n\n<li>\u201cLearn English: read and enjoy classic short stories by American writers.\u201d Band 2. 01\/2026.<br>ISBN: 978-3-8192-2486-7<\/li>\n<\/ol>\n\n\n\n<p class=\"has-text-align-center\"><mark style=\"background-color:rgba(0, 0, 0, 0)\" class=\"has-inline-color has-vivid-cyan-blue-color\">Themenfeld: P\u00e4dagogische Aspekte des Schulgolfsports<\/mark><\/p>\n\n\n\n<ol class=\"wp-block-list\">\n<li>\u201eSCHULE &amp; GOLF\u201c. Handreichung f\u00fcr Lehrer\/Trainer\/\u00dcbungsleiter. 2018.<br>ISBN 978-3-7460-6665-3<\/li>\n\n\n\n<li>\u201eP\u00e4dagogische Potenziale des Golfens\u201c. In Fachzeitschrift SportPraxis, 1\/2019. Wiebelsheim<\/li>\n\n\n\n<li>\u201e20 Jahre Schulfach Golf und vieles mehr\u201c. Bildband. Interne Ausgabe. 2016<\/li>\n\n\n\n<li>\u201eWahlpflichtfach Golf\u201c. Impressionen. CD-ROM. Interne Ausgabe. 2016<\/li>\n<\/ol>\n\n\n\n<p class=\"has-text-align-center\"><mark style=\"background-color:rgba(0, 0, 0, 0)\" class=\"has-inline-color has-vivid-green-cyan-color\">Themenfeld: Olympische Erziehung\/Olympische Wertevermittlung im Juniorgolf<br>Mit Freundlicher Empfehlung der Deutschen Olympischen Gesellschaft<\/mark><\/p>\n\n\n\n<ol class=\"wp-block-list\">\n<li><strong>F\u00fcr den \u201eolympischen\u201c Einstieg:<\/strong><br>\u201eGOLF-OLYMPISCHES VON A BIS Z\u201c. 2. Version. 2017.<br>ISBN 978-3-7347-5551-4<\/li>\n\n\n\n<li><strong>5-teilige JUNIORGOLF-REIHE: Jugend \u2013 Golf \u2013 Olympia. 2. Version 2017:<\/strong><br>&#8211; Teil 1: \u201eOlympische Spiele und Golf\u201c.<br><em>  Schau kurz zur\u00fcck, um K\u00fcnftiges besser zu \u00fcberblicken!<\/em><br>  ISBN 978-3-7431-7956-1<br><br>&#8211; Teil 2: \u201eOlympische Idee und Ideale im Golf\u201c.<br><em>  Grundlegende Orientierung auch f\u00fcr dich!<\/em><br>  ISBN 978-3-7431-8208-0<br><br>&#8211; Teil 3: \u201eFair geht vor! Und Spirit of the Game\u201c.<br><em>  Zeige, dass du Sportsgeist hast!<\/em><br>  ISBN 978-3-7431-9281-2<br><br>&#8211; Teil 4: \u201eCitius \u2013 Altius \u2013 Fortius\u201c.<br><em>  Gib dein Bestes, Leistung macht Spa\u00df!<\/em><br>  ISBN 978-3-7431-9704-6<br><br>&#8211; Teil 5: \u201eGolf-Olympisches Workbook\u201c.<br><em>  Festige bzw. teste dein olympisches Wissen!<\/em><br>  ISBN 978-3-7431-3363-1<\/li>\n\n\n\n<li><strong>Handreichung f\u00fcr Lehrer\/\u00dcbungsleiter\/Trainer. 2019:<\/strong><br>\u201eABSCHLAG OLYMPIA: JUGEND &amp; GOLF\u201c.<br> ISBN 978-3-7357-8507-7<\/li>\n\n\n\n<li><strong>Sowie:<\/strong><br>\u201eGOLF-OLYMPISCHES\u201c. Arbeitsbl\u00e4tter, Kopiervorlagen. CD-ROM. 2018.<br><em>Eigenherstellung<\/em>&nbsp;&nbsp;&nbsp;&nbsp;&nbsp;<\/li>\n<\/ol>\n\n\n\n<p class=\"has-text-align-center\"><mark style=\"background-color:rgba(0, 0, 0, 0)\" class=\"has-inline-color has-vivid-purple-color\">Themenfeld: Historisch-kulturelle und musikalische Bildung von Kindern und Jugendlichen<\/mark><\/p>\n\n\n\n<ol class=\"wp-block-list\">\n<li>Auf Entdeckungstour in Geschichte, Kunst und Kultur\u201c.<br>Erlebnis- und Bildungsangebote im Scharwenka Kulturforum Bad Saarow 2015.<br>ISBN 978-3-7347-3538-7<\/li>\n<\/ol>\n\n\n\n<p><strong>II. Au\u00dferdem sind folgende \u201eErstlingswerke\u201c erschienen:<\/strong><\/p>\n\n\n\n<ol class=\"wp-block-list\">\n<li>\u201eSchule + Golf = Schulgolf\u201c. 2001. ISBN 978-3-933416-33-9<\/li>\n\n\n\n<li>\u201eDas 1 x 1 des Caddying\u201c. 2002. ISBN 978-3-933416-40-7<\/li>\n\n\n\n<li>\u201eDie kleine Golfregel-Fibel\u201c. 2003. ISBN 978-3-933416-43-8<\/li>\n\n\n\n<li>\u201eAuf der Runde\u201c. 2004. ISBN 978-3-933416-49-0<\/li>\n\n\n\n<li>\u201eGrundwissen Golf\u201c. 2005. ISBN 978-3-933416-56-8<\/li>\n\n\n\n<li>\u201eGolfsprache Englisch\u201c. 2006. ISBN 978-3-933416-68-1<\/li>\n\n\n\n<li>\u201eGolf in der Schule\u201c. Lehrerhandreichung. 2008. ISBN 978-3-8370-1770-0<\/li>\n\n\n\n<li>\u201eGolfen ist cool!\u201c. Sch\u00fclerhandbuch. 2008. ISBN 978-3-8334-9327-0<\/li>\n\n\n\n<li>\u201eAbschlag Rio: Jugend trainiert GOLF f\u00fcr Olympia\u201c. 2012. ISBN 978-3-8482-0970-5<\/li>\n\n\n\n<li>\u201eDas Arbeitsheft zum Buch \u201aAbschlag Rio &#8230;\u201c. Format A 4. 2012. ISBN 978-3-8423-6639-8<\/li>\n<\/ol>\n\n\n\n<p><strong>In Eigenherstellung<\/strong><\/p>\n\n\n\n<ol class=\"wp-block-list\">\n<li>Golf-Bl\u00e4tter\u201c. \u00dcber 130 Kopierseiten. CD-ROM<\/li>\n\n\n\n<li>\u201eP\u00e4dagogisches\u201c. Rahmenlehrplan Golf u.a.m. CD-ROM<\/li>\n\n\n\n<li>\u201cEasy English\u201d. Golfsprache Englisch. CD-ROM<\/li>\n\n\n\n<li>\u201dCaddying\u201c. Lehrfilm f\u00fcr das Sch\u00fclerprojekt Golf-WM 2000. DVD<\/li>\n\n\n\n<li>\u201eArbeits- und Kopiermaterialien JFTO\u201c. CD-ROM<\/li>\n<\/ol>\n\n\n\n<p><\/p>\n","protected":false},"excerpt":{"rendered":"<p>I. AKTUELLE PUBLIKATIONEN Themenfeld: Lehr- und Lernstoff Englisch Themenfeld: P\u00e4dagogische Aspekte des Schulgolfsports Themenfeld: Olympische Erziehung\/Olympische Wertevermittlung im JuniorgolfMit Freundlicher Empfehlung der Deutschen Olympischen Gesellschaft Themenfeld: Historisch-kulturelle und musikalische Bildung von Kindern und Jugendlichen II. Au\u00dferdem sind folgende \u201eErstlingswerke\u201c erschienen: In Eigenherstellung<\/p>\n","protected":false},"author":1,"featured_media":0,"parent":0,"menu_order":0,"comment_status":"closed","ping_status":"closed","template":"","meta":{"footnotes":""},"class_list":["post-179","page","type-page","status-publish","hentry"],"_links":{"self":[{"href":"https:\/\/englisch-schule-golf.de\/index.php?rest_route=\/wp\/v2\/pages\/179","targetHints":{"allow":["GET"]}}],"collection":[{"href":"https:\/\/englisch-schule-golf.de\/index.php?rest_route=\/wp\/v2\/pages"}],"about":[{"href":"https:\/\/englisch-schule-golf.de\/index.php?rest_route=\/wp\/v2\/types\/page"}],"author":[{"embeddable":true,"href":"https:\/\/englisch-schule-golf.de\/index.php?rest_route=\/wp\/v2\/users\/1"}],"replies":[{"embeddable":true,"href":"https:\/\/englisch-schule-golf.de\/index.php?rest_route=%2Fwp%2Fv2%2Fcomments&post=179"}],"version-history":[{"count":15,"href":"https:\/\/englisch-schule-golf.de\/index.php?rest_route=\/wp\/v2\/pages\/179\/revisions"}],"predecessor-version":[{"id":383,"href":"https:\/\/englisch-schule-golf.de\/index.php?rest_route=\/wp\/v2\/pages\/179\/revisions\/383"}],"wp:attachment":[{"href":"https:\/\/englisch-schule-golf.de\/index.php?rest_route=%2Fwp%2Fv2%2Fmedia&parent=179"}],"curies":[{"name":"wp","href":"https:\/\/api.w.org\/{rel}","templated":true}]}}