{"id":177,"date":"2021-09-15T18:46:00","date_gmt":"2021-09-15T18:46:00","guid":{"rendered":"https:\/\/englisch-schule-golf.de\/?page_id=177"},"modified":"2021-09-15T18:46:00","modified_gmt":"2021-09-15T18:46:00","slug":"zum-autor","status":"publish","type":"page","link":"https:\/\/englisch-schule-golf.de\/?page_id=177","title":{"rendered":"Zum Autor"},"content":{"rendered":"\n<p><strong>Worauf st\u00fctzen sich die Erfahrungen und Erkenntnisse des Autors?<\/strong><\/p>\n\n\n\n<p>Die Publikationen des Autors st\u00fctzen sich im Wesentlichen auf Erfahrungen und Erkenntnisse aus seinen zur\u00fcckliegenden T\u00e4tigkeiten seit 1995 als &#8230;<\/p>\n\n\n\n<ul class=\"wp-block-list\"><li>Lehrer f\u00fcr Englisch und Wahlpflichtfach Golfsport an der Grund- und Gesamtschule Spreenhagen sowie an der 1. Oberschule F\u00fcrstenwalde (jetzt Spree-Oberschule)<\/li><li>Leiter der Schulsport-AG Golfsport an der Spreenhagener Grundschule im Rahmen der Jugendinitiative \u201eAbschlag Schule\u201c des Deutschen Golf Verbandes (DGV)<\/li><li>Beauftragter f\u00fcr Schulgolf des Landes Brandenburg im Auftrag des Ministeriums f\u00fcr Bildung, Jugend und Sport<\/li><li>Referent zu Fragen des Schulgolfsports, u.a. an der Deutschen Sporthochschule K\u00f6ln<\/li><li> Gestalter und Betreuer der Info-Points \u201eGolf &amp; Schule\u201c sowie \u201eGolf\u2013Olympia\u2013Jugend\u201c im<br>Resort A-ROSA Scharm\u00fctzelsee, in Kooperation mit der Deutschen Olympischen Gesellschaft<\/li><li>Lehrbeauftragter an der Universit\u00e4t Potsdam, Institut f\u00fcr Sportwissenschaften, f\u00fcr das Themenfeld \u201eP\u00e4dagogische Aspekte des Golfsports\u201c<\/li><li>Organisator und Durchf\u00fchrender von 20 Lehrer-Fortbildungen \u201eSchulgolfsport\u201c im Land Brandenburg<\/li><li>Leiter des DGV-Sch\u00fclerprojekts \u201eGolf-Weltmeisterschaft 2000\u201c<\/li><li>Mitorganisator bei der deutschlandweiten Einf\u00fchrung bzw. Etablierung von Golf in JUGEND TRAINIERT F\u00dcR OLYMPIA<\/li><li>Verantwortlicher f\u00fcr die Durchf\u00fchrung der Brandenburger Landesfinals Golf JUGEND TRAINIERT F\u00dcR OLYMPIA<\/li><li>Durchf\u00fchrender diverser Projekte GOLF &amp; OLYMPIA<\/li><li>Jugendwart des Sporting Clubs Berlin<\/li><li>Schulsportbeauftragter des Sporting Clubs Berlin<\/li><li>Teilnehmer an einem Trainer-C-Lehrgang Breitensport \/ Schulgolfsport<\/li><\/ul>\n","protected":false},"excerpt":{"rendered":"<p>Worauf st\u00fctzen sich die Erfahrungen und Erkenntnisse des Autors? Die Publikationen des Autors st\u00fctzen sich im Wesentlichen auf Erfahrungen und Erkenntnisse aus seinen zur\u00fcckliegenden T\u00e4tigkeiten seit 1995 als &#8230; Lehrer f\u00fcr Englisch und Wahlpflichtfach Golfsport an der Grund- und Gesamtschule Spreenhagen sowie an der 1. Oberschule F\u00fcrstenwalde (jetzt Spree-Oberschule) Leiter der Schulsport-AG Golfsport an der &hellip; <\/p>\n<p class=\"link-more\"><a href=\"https:\/\/englisch-schule-golf.de\/?page_id=177\" class=\"more-link\"><span class=\"screen-reader-text\">\u201eZum Autor\u201c <\/span>weiterlesen<\/a><\/p>\n","protected":false},"author":1,"featured_media":0,"parent":0,"menu_order":0,"comment_status":"closed","ping_status":"closed","template":"","meta":{"footnotes":""},"class_list":["post-177","page","type-page","status-publish","hentry"],"_links":{"self":[{"href":"https:\/\/englisch-schule-golf.de\/index.php?rest_route=\/wp\/v2\/pages\/177","targetHints":{"allow":["GET"]}}],"collection":[{"href":"https:\/\/englisch-schule-golf.de\/index.php?rest_route=\/wp\/v2\/pages"}],"about":[{"href":"https:\/\/englisch-schule-golf.de\/index.php?rest_route=\/wp\/v2\/types\/page"}],"author":[{"embeddable":true,"href":"https:\/\/englisch-schule-golf.de\/index.php?rest_route=\/wp\/v2\/users\/1"}],"replies":[{"embeddable":true,"href":"https:\/\/englisch-schule-golf.de\/index.php?rest_route=%2Fwp%2Fv2%2Fcomments&post=177"}],"version-history":[{"count":1,"href":"https:\/\/englisch-schule-golf.de\/index.php?rest_route=\/wp\/v2\/pages\/177\/revisions"}],"predecessor-version":[{"id":178,"href":"https:\/\/englisch-schule-golf.de\/index.php?rest_route=\/wp\/v2\/pages\/177\/revisions\/178"}],"wp:attachment":[{"href":"https:\/\/englisch-schule-golf.de\/index.php?rest_route=%2Fwp%2Fv2%2Fmedia&parent=177"}],"curies":[{"name":"wp","href":"https:\/\/api.w.org\/{rel}","templated":true}]}}